{"id":35,"date":"2022-06-29T11:39:11","date_gmt":"2022-06-29T11:39:11","guid":{"rendered":"https:\/\/3.67.140.215\/?page_id=35"},"modified":"2023-05-20T11:03:51","modified_gmt":"2023-05-20T09:03:51","slug":"tuotteet","status":"publish","type":"page","link":"https:\/\/www.ipimedicinetech.com\/en\/tuotteet\/","title":{"rendered":"Products"},"content":{"rendered":"<div class=\"wp-block-cover alignfull is-light remove-margin-block-start\" style=\"min-height:600px\"><span aria-hidden=\"true\" class=\"wp-block-cover__background has-background-dim-10 has-background-dim\"><\/span><img decoding=\"async\" loading=\"lazy\" width=\"2000\" height=\"1334\" class=\"wp-block-cover__image-background wp-image-1072\" alt=\"\" src=\"http:\/\/www.ipimedicinetech.com\/wp-content\/uploads\/2023\/02\/IMG_0996EditFile-1.jpg\" style=\"object-position:52% 58%\" data-object-fit=\"cover\" data-object-position=\"52% 58%\" srcset=\"https:\/\/www.ipimedicinetech.com\/wp-content\/uploads\/2023\/02\/IMG_0996EditFile-1.jpg 2000w, https:\/\/www.ipimedicinetech.com\/wp-content\/uploads\/2023\/02\/IMG_0996EditFile-1-300x200.jpg 300w, https:\/\/www.ipimedicinetech.com\/wp-content\/uploads\/2023\/02\/IMG_0996EditFile-1-1024x683.jpg 1024w, https:\/\/www.ipimedicinetech.com\/wp-content\/uploads\/2023\/02\/IMG_0996EditFile-1-768x512.jpg 768w, https:\/\/www.ipimedicinetech.com\/wp-content\/uploads\/2023\/02\/IMG_0996EditFile-1-1536x1025.jpg 1536w, https:\/\/www.ipimedicinetech.com\/wp-content\/uploads\/2023\/02\/IMG_0996EditFile-1-18x12.jpg 18w\" sizes=\"(max-width: 2000px) 100vw, 2000px\" \/><div class=\"wp-block-cover__inner-container\">\n<p class=\"has-text-align-center has-large-font-size\"><\/p>\n<\/div><\/div>\n\n\n\n<div class=\"wp-block-group alignwide shadow-surrounding-product has-background is-layout-flow\" style=\"background-color:#3e4a53;padding-top:1em;padding-right:1em;padding-bottom:1em;padding-left:1em\">\n<div class=\"wp-block-group has-border-color is-layout-flow\" style=\"border-color:#333d44;border-radius:0px\">\n<div class=\"wp-block-media-text alignwide has-foreground-color has-text-color\" style=\"grid-template-columns:28% auto\"><figure class=\"wp-block-media-text__media\"><img decoding=\"async\" loading=\"lazy\" width=\"600\" height=\"364\" src=\"https:\/\/www.ipimedicinetech.com\/wp-content\/uploads\/2023\/01\/TwinCap.png\" alt=\"\" class=\"wp-image-991 size-full\" srcset=\"https:\/\/www.ipimedicinetech.com\/wp-content\/uploads\/2023\/01\/TwinCap.png 600w, https:\/\/www.ipimedicinetech.com\/wp-content\/uploads\/2023\/01\/TwinCap-300x182.png 300w, https:\/\/www.ipimedicinetech.com\/wp-content\/uploads\/2023\/01\/TwinCap-18x12.png 18w\" sizes=\"(max-width: 600px) 100vw, 600px\" \/><\/figure><div class=\"wp-block-media-text__content\">\n<p class=\"no-align\" style=\"font-size:1.5rem\"><strong>IPI TWIN Safety Cap 30-40mm<\/strong><\/p>\n\n\n\n<p style=\"font-size:1.25rem\"><strong>Includes active carbon filter<\/strong><\/p>\n\n\n\n<p class=\"has-background-color has-text-color\">Product number: 613 <\/p>\n\n\n\n<p class=\"has-background-color has-text-color\">Double threaded cap, replaced previous product number 611\/30mm and product number 612\/40mm cap's<\/p>\n\n\n\n<p class=\"has-background-color has-text-color\">Compatible with following products:<\/p>\n\n\n\n<ul>\n<li>510 (1L)<\/li>\n\n\n\n<li>511 (3L)<\/li>\n\n\n\n<li>512 (1L)<\/li>\n\n\n\n<li>513 (0,5L) <\/li>\n<\/ul>\n\n\n\n<p class=\"has-background-color has-text-color\">Below pictures of compatibilities<\/p>\n<\/div><\/div>\n<\/div>\n\n\n\n<div class=\"wp-block-group has-border-color is-layout-constrained wp-container-2\" style=\"border-color:#333d44\">\n<div class=\"alignnormal\"><div id=\"metaslider-id-1019\" style=\"width: 100%; margin: 0 auto;\" class=\"ml-slider-3-30-1 metaslider metaslider-flex metaslider-1019 ml-slider ms-theme-outline has-dots-nav\">\n    <div id=\"metaslider_container_1019\">\n        <div id=\"metaslider_1019\">\n            <ul aria-live=\"polite\" class=\"slides\">\n                <li style=\"display: block; width: 100%;\" class=\"slide-1020 ms-image\"><img width=\"1000\" height=\"667\" src=\"https:\/\/www.ipimedicinetech.com\/wp-content\/uploads\/2023\/01\/IMG_0935.png\" class=\"slider-1019 slide-1020\" alt=\"\" decoding=\"async\" loading=\"lazy\" rel=\"\" title=\"IMG_0935\" srcset=\"https:\/\/www.ipimedicinetech.com\/wp-content\/uploads\/2023\/01\/IMG_0935.png 1000w, https:\/\/www.ipimedicinetech.com\/wp-content\/uploads\/2023\/01\/IMG_0935-300x200.png 300w, https:\/\/www.ipimedicinetech.com\/wp-content\/uploads\/2023\/01\/IMG_0935-768x512.png 768w, https:\/\/www.ipimedicinetech.com\/wp-content\/uploads\/2023\/01\/IMG_0935-18x12.png 18w\" sizes=\"(max-width: 1000px) 100vw, 1000px\" \/><div class=\"caption-wrap\"><div class=\"caption\">513 IPI bottle 0.5 L<\/div><\/div><\/li>\n                <li style=\"display: none; width: 100%;\" class=\"slide-1021 ms-image\"><img width=\"1000\" height=\"667\" src=\"https:\/\/www.ipimedicinetech.com\/wp-content\/uploads\/2023\/01\/IMG_0934.png\" class=\"slider-1019 slide-1021\" alt=\"\" decoding=\"async\" loading=\"lazy\" rel=\"\" title=\"IMG_0934\" srcset=\"https:\/\/www.ipimedicinetech.com\/wp-content\/uploads\/2023\/01\/IMG_0934.png 1000w, https:\/\/www.ipimedicinetech.com\/wp-content\/uploads\/2023\/01\/IMG_0934-300x200.png 300w, https:\/\/www.ipimedicinetech.com\/wp-content\/uploads\/2023\/01\/IMG_0934-768x512.png 768w, https:\/\/www.ipimedicinetech.com\/wp-content\/uploads\/2023\/01\/IMG_0934-18x12.png 18w\" sizes=\"(max-width: 1000px) 100vw, 1000px\" \/><div class=\"caption-wrap\"><div class=\"caption\">510 IPI bottle 1 L<\/div><\/div><\/li>\n                <li style=\"display: none; width: 100%;\" class=\"slide-1022 ms-image\"><img width=\"1000\" height=\"667\" src=\"https:\/\/www.ipimedicinetech.com\/wp-content\/uploads\/2023\/01\/IMG_0936.png\" class=\"slider-1019 slide-1022\" alt=\"\" decoding=\"async\" loading=\"lazy\" rel=\"\" title=\"IMG_0936\" srcset=\"https:\/\/www.ipimedicinetech.com\/wp-content\/uploads\/2023\/01\/IMG_0936.png 1000w, https:\/\/www.ipimedicinetech.com\/wp-content\/uploads\/2023\/01\/IMG_0936-300x200.png 300w, https:\/\/www.ipimedicinetech.com\/wp-content\/uploads\/2023\/01\/IMG_0936-768x512.png 768w, https:\/\/www.ipimedicinetech.com\/wp-content\/uploads\/2023\/01\/IMG_0936-18x12.png 18w\" sizes=\"(max-width: 1000px) 100vw, 1000px\" \/><div class=\"caption-wrap\"><div class=\"caption\">512 IPI bottle 1 L<\/div><\/div><\/li>\n                <li style=\"display: none; width: 100%;\" class=\"slide-1023 ms-image\"><img width=\"1000\" height=\"667\" src=\"https:\/\/www.ipimedicinetech.com\/wp-content\/uploads\/2023\/01\/IMG_0937.png\" class=\"slider-1019 slide-1023\" alt=\"\" decoding=\"async\" loading=\"lazy\" rel=\"\" title=\"IMG_0937\" srcset=\"https:\/\/www.ipimedicinetech.com\/wp-content\/uploads\/2023\/01\/IMG_0937.png 1000w, https:\/\/www.ipimedicinetech.com\/wp-content\/uploads\/2023\/01\/IMG_0937-300x200.png 300w, https:\/\/www.ipimedicinetech.com\/wp-content\/uploads\/2023\/01\/IMG_0937-768x512.png 768w, https:\/\/www.ipimedicinetech.com\/wp-content\/uploads\/2023\/01\/IMG_0937-18x12.png 18w\" sizes=\"(max-width: 1000px) 100vw, 1000px\" \/><div class=\"caption-wrap\"><div class=\"caption\">511 IPI canister 3 L<\/div><\/div><\/li>\n            <\/ul>\n        <\/div>\n        \n    <\/div>\n<\/div><\/div>\n<\/div>\n\n\n\n<div class=\"wp-block-group has-border-color is-layout-flow\" style=\"border-color:#333d44;border-style:solid\">\n<div class=\"wp-block-media-text alignwide has-background-color has-text-color\" style=\"grid-template-columns:21% auto\"><figure class=\"wp-block-media-text__media\"><img decoding=\"async\" loading=\"lazy\" width=\"300\" height=\"450\" src=\"http:\/\/www.ipimedicinetech.com\/wp-content\/uploads\/2022\/08\/IPICapTriang.png\" alt=\"\" class=\"wp-image-492 size-full\" srcset=\"https:\/\/www.ipimedicinetech.com\/wp-content\/uploads\/2022\/08\/IPICapTriang.png 300w, https:\/\/www.ipimedicinetech.com\/wp-content\/uploads\/2022\/08\/IPICapTriang-200x300.png 200w\" sizes=\"(max-width: 300px) 100vw, 300px\" \/><\/figure><div class=\"wp-block-media-text__content\">\n<p class=\"has-text-align-left no-align\" style=\"font-size:1.5rem\"><strong>IPI Safety Cap Triang<\/strong><\/p>\n\n\n\n<p style=\"font-size:1.25rem\"><strong>Includes active carbon filter<\/strong><\/p>\n\n\n\n<p class=\"has-text-align-left no-align\">Product number: 600<\/p>\n\n\n\n<p class=\"has-text-align-left no-align\">9 L HD-PE, for container num 500 <\/p>\n<\/div><\/div>\n<\/div>\n\n\n\n<div class=\"wp-block-group has-border-color is-layout-flow\" style=\"border-color:#333d44;border-style:solid\">\n<div class=\"wp-block-media-text alignwide has-background-color has-text-color\" style=\"grid-template-columns:21% auto\"><figure class=\"wp-block-media-text__media\"><img decoding=\"async\" loading=\"lazy\" width=\"300\" height=\"449\" src=\"http:\/\/www.ipimedicinetech.com\/wp-content\/uploads\/2022\/08\/white_active_carbon_filter_small.png\" alt=\"\" class=\"wp-image-572 size-full\" srcset=\"https:\/\/www.ipimedicinetech.com\/wp-content\/uploads\/2022\/08\/white_active_carbon_filter_small.png 300w, https:\/\/www.ipimedicinetech.com\/wp-content\/uploads\/2022\/08\/white_active_carbon_filter_small-200x300.png 200w\" sizes=\"(max-width: 300px) 100vw, 300px\" \/><\/figure><div class=\"wp-block-media-text__content\">\n<p class=\"no-align\" style=\"font-size:1.5rem\"><strong>IPI Safety Cap activated carbon filter<\/strong><\/p>\n\n\n\n<p style=\"font-size:1.25rem\"><strong>Tested by VTT 4\/2022<\/strong><\/p>\n\n\n\n<p>Product number: 614<\/p>\n\n\n\n<p class=\"no-align\">For bottle, canister and Triang 9 L container<\/p>\n\n\n\n<p>Change once a year<\/p>\n<\/div><\/div>\n<\/div>\n\n\n\n<div class=\"wp-block-group has-border-color is-layout-flow\" style=\"border-color:#333d44;border-style:solid\">\n<div class=\"wp-block-media-text alignwide has-background-color has-text-color\" style=\"grid-template-columns:21% auto\"><figure class=\"wp-block-media-text__media\"><img decoding=\"async\" loading=\"lazy\" width=\"500\" height=\"558\" src=\"http:\/\/www.ipimedicinetech.com\/wp-content\/uploads\/2023\/02\/IMG_1053-3.png\" alt=\"\" class=\"wp-image-1316 size-full\" srcset=\"https:\/\/www.ipimedicinetech.com\/wp-content\/uploads\/2023\/02\/IMG_1053-3.png 500w, https:\/\/www.ipimedicinetech.com\/wp-content\/uploads\/2023\/02\/IMG_1053-3-269x300.png 269w, https:\/\/www.ipimedicinetech.com\/wp-content\/uploads\/2023\/02\/IMG_1053-3-11x12.png 11w\" sizes=\"(max-width: 500px) 100vw, 500px\" \/><\/figure><div class=\"wp-block-media-text__content\">\n<p class=\"no-align\" style=\"font-size:1.5rem\"><strong>IPI Safety Cap activated carbon filter<\/strong><\/p>\n\n\n\n<p style=\"font-size:1.25rem\"><strong>Tested by VTT 4\/2022<\/strong><\/p>\n\n\n\n<p>Product number: 601<\/p>\n\n\n\n<p class=\"no-align\">Triang 9 L container<\/p>\n\n\n\n<p>Change once a year<\/p>\n<\/div><\/div>\n<\/div>\n\n\n\n<div class=\"wp-block-group has-border-color is-layout-flow\" style=\"border-color:#333d44;border-style:solid\">\n<div class=\"wp-block-media-text alignwide has-background-color has-text-color\" style=\"grid-template-columns:21% auto\"><figure class=\"wp-block-media-text__media\"><img decoding=\"async\" loading=\"lazy\" width=\"300\" height=\"449\" src=\"http:\/\/www.ipimedicinetech.com\/wp-content\/uploads\/2022\/08\/05l_bottle_without_background.png\" alt=\"\" class=\"wp-image-570 size-full\" srcset=\"https:\/\/www.ipimedicinetech.com\/wp-content\/uploads\/2022\/08\/05l_bottle_without_background.png 300w, https:\/\/www.ipimedicinetech.com\/wp-content\/uploads\/2022\/08\/05l_bottle_without_background-200x300.png 200w\" sizes=\"(max-width: 300px) 100vw, 300px\" \/><\/figure><div class=\"wp-block-media-text__content\">\n<p class=\"no-align\" style=\"font-size:1.5rem\"><strong>IPI bottle 0.5 L<\/strong><\/p>\n\n\n\n<p>Product number: 513<\/p>\n\n\n\n<p class=\"no-align\">HD-PE transparent with seal cap<\/p>\n<\/div><\/div>\n<\/div>\n\n\n\n<div class=\"wp-block-group has-border-color is-layout-flow\" style=\"border-color:#333d44;border-style:solid\">\n<div class=\"wp-block-media-text alignwide has-background-color has-text-color\" style=\"grid-template-columns:21% auto\"><figure class=\"wp-block-media-text__media\"><img decoding=\"async\" loading=\"lazy\" width=\"300\" height=\"449\" src=\"http:\/\/www.ipimedicinetech.com\/wp-content\/uploads\/2022\/08\/1l_bottle_2_without_background-1.png\" alt=\"\" class=\"wp-image-567 size-full\" srcset=\"https:\/\/www.ipimedicinetech.com\/wp-content\/uploads\/2022\/08\/1l_bottle_2_without_background-1.png 300w, https:\/\/www.ipimedicinetech.com\/wp-content\/uploads\/2022\/08\/1l_bottle_2_without_background-1-200x300.png 200w\" sizes=\"(max-width: 300px) 100vw, 300px\" \/><\/figure><div class=\"wp-block-media-text__content\">\n<p style=\"font-size:1.5rem\"><strong>IPI bottle 1 L<\/strong><\/p>\n\n\n\n<p>Product number: 512<\/p>\n\n\n\n<p class=\"no-align\">HD-PE low 40mm cap with transparent seal cap<\/p>\n<\/div><\/div>\n<\/div>\n\n\n\n<div class=\"wp-block-group has-border-color is-layout-flow\" style=\"border-color:#333d44;border-style:solid\">\n<div class=\"wp-block-media-text alignwide has-background-color has-text-color\" style=\"grid-template-columns:21% auto\"><figure class=\"wp-block-media-text__media\"><img decoding=\"async\" loading=\"lazy\" width=\"300\" height=\"450\" src=\"http:\/\/www.ipimedicinetech.com\/wp-content\/uploads\/2022\/08\/1l_bottle_1.png\" alt=\"\" class=\"wp-image-569 size-full\" srcset=\"https:\/\/www.ipimedicinetech.com\/wp-content\/uploads\/2022\/08\/1l_bottle_1.png 300w, https:\/\/www.ipimedicinetech.com\/wp-content\/uploads\/2022\/08\/1l_bottle_1-200x300.png 200w\" sizes=\"(max-width: 300px) 100vw, 300px\" \/><\/figure><div class=\"wp-block-media-text__content\">\n<p class=\"no-align\" style=\"font-size:1.5rem\"><strong>IPI bottle 1 L<\/strong><\/p>\n\n\n\n<p>Product number: 510<\/p>\n\n\n\n<p class=\"no-align has-background-color has-text-color\">HD-PE transparent with seal cap<\/p>\n<\/div><\/div>\n<\/div>\n\n\n\n<div class=\"wp-block-group has-border-color is-layout-flow\" style=\"border-color:#333d44;border-style:solid\">\n<div class=\"wp-block-media-text alignwide has-background-color has-text-color\" style=\"grid-template-columns:21% auto\"><figure class=\"wp-block-media-text__media\"><img decoding=\"async\" loading=\"lazy\" width=\"300\" height=\"450\" src=\"http:\/\/www.ipimedicinetech.com\/wp-content\/uploads\/2022\/08\/3l_bottle_without_background.png\" alt=\"\" class=\"wp-image-465 size-full\" srcset=\"https:\/\/www.ipimedicinetech.com\/wp-content\/uploads\/2022\/08\/3l_bottle_without_background.png 300w, https:\/\/www.ipimedicinetech.com\/wp-content\/uploads\/2022\/08\/3l_bottle_without_background-200x300.png 200w\" sizes=\"(max-width: 300px) 100vw, 300px\" \/><\/figure><div class=\"wp-block-media-text__content\">\n<p class=\"no-align\" style=\"font-size:1.5rem\"><strong>IPI canister 3 L<\/strong><\/p>\n\n\n\n<p>Product number: 511<\/p>\n\n\n\n<p class=\"no-align\">HD-PE transparent with seal cap<\/p>\n<\/div><\/div>\n<\/div>\n\n\n\n<div class=\"wp-block-group clear-border-color has-border-color is-layout-flow\" style=\"border-color:#333d44;border-style:solid\">\n<div class=\"wp-block-media-text alignwide clear-border-color has-background-color has-text-color\" style=\"grid-template-columns:21% auto\"><figure class=\"wp-block-media-text__media\"><img decoding=\"async\" loading=\"lazy\" width=\"300\" height=\"450\" src=\"http:\/\/www.ipimedicinetech.com\/wp-content\/uploads\/2022\/08\/triang_9l_container_without_background-1.png\" alt=\"\" class=\"wp-image-467 size-full\" srcset=\"https:\/\/www.ipimedicinetech.com\/wp-content\/uploads\/2022\/08\/triang_9l_container_without_background-1.png 300w, https:\/\/www.ipimedicinetech.com\/wp-content\/uploads\/2022\/08\/triang_9l_container_without_background-1-200x300.png 200w\" sizes=\"(max-width: 300px) 100vw, 300px\" \/><\/figure><div class=\"wp-block-media-text__content\">\n<p class=\"no-align\" style=\"font-size:1.5rem\"><strong>IPI Triang waste container 9 L<\/strong><\/p>\n\n\n\n<p>Product number: 500<\/p>\n\n\n\n<p class=\"no-align\">HD-PE transparent<\/p>\n<\/div><\/div>\n<\/div>\n<\/div>","protected":false},"excerpt":{"rendered":"<p>IPI TWIN Safety Cap 30-40mm Sis\u00e4lt\u00e4\u00e4 aktiivihiilisuodattimen Tuotenumero: 613 Kaksoiskierrekorkki, korvaa aikaisemmat tuotenumero 611\/30mm ja tuotenumero 612\/40mm korkit Yhteensopiva seuraavien tuotteiden kanssa: Alla kuvat yhteensopivuudesta IPI Safety Cap Triang Sis\u00e4lt\u00e4\u00e4 aktiivihiilisuodattimen Tuotenumero: 600 9 L HD-PE, astiaan nro 500 IPI Safety Cap Aktiivihiilisuodatin VTT:n testaama 4\/2022 Tuotenumero: 614 Pulloon, kanisteriin ja Triang 9 L astiaan [&hellip;]<\/p>","protected":false},"author":2,"featured_media":0,"parent":0,"menu_order":0,"comment_status":"closed","ping_status":"closed","template":"","meta":[],"_links":{"self":[{"href":"https:\/\/www.ipimedicinetech.com\/en\/wp-json\/wp\/v2\/pages\/35"}],"collection":[{"href":"https:\/\/www.ipimedicinetech.com\/en\/wp-json\/wp\/v2\/pages"}],"about":[{"href":"https:\/\/www.ipimedicinetech.com\/en\/wp-json\/wp\/v2\/types\/page"}],"author":[{"embeddable":true,"href":"https:\/\/www.ipimedicinetech.com\/en\/wp-json\/wp\/v2\/users\/2"}],"replies":[{"embeddable":true,"href":"https:\/\/www.ipimedicinetech.com\/en\/wp-json\/wp\/v2\/comments?post=35"}],"version-history":[{"count":192,"href":"https:\/\/www.ipimedicinetech.com\/en\/wp-json\/wp\/v2\/pages\/35\/revisions"}],"predecessor-version":[{"id":1430,"href":"https:\/\/www.ipimedicinetech.com\/en\/wp-json\/wp\/v2\/pages\/35\/revisions\/1430"}],"wp:attachment":[{"href":"https:\/\/www.ipimedicinetech.com\/en\/wp-json\/wp\/v2\/media?parent=35"}],"curies":[{"name":"wp","href":"https:\/\/api.w.org\/{rel}","templated":true}]}}